{"id":18,"date":"2020-05-07T10:13:35","date_gmt":"2020-05-07T10:13:35","guid":{"rendered":"http:\/\/duy.de\/?page_id=18"},"modified":"2020-05-07T10:13:35","modified_gmt":"2020-05-07T10:13:35","slug":"startseite","status":"publish","type":"page","link":"https:\/\/duy.de\/","title":{"rendered":"Ziele erreichen"},"content":{"rendered":"\n<div class=\"wp-container-1 wp-block-group\"><div class=\"wp-block-group__inner-container\">\n<p>Das Projektmanagement muss sich dem heutigen Arbeitsrhythmus anpassen.<\/p>\n\n\n\n<p>Projekte werden in immer k\u00fcrzerer Zeit initiiert.<\/p>\n\n\n\n<p>Mitarbeiter \u00fcbernehmen zum Tagesgesch\u00e4ft oft noch wichtige Rollen im Projekt.<\/p>\n\n\n\n<p>Wir unterst\u00fctzen Sie im Projektmanagement und werden gemeinsam mit Ihnen die Arbeitsabl\u00e4ufe definieren, um Ihr Projekt zum gew\u00fcnschten Erfolg zu f\u00fchren und Ihre Mitarbeiter so wenig wie m\u00f6glich zus\u00e4tzlich zu belasten.<\/p>\n<\/div><\/div>\n\n\n\n<p><\/p>\n","protected":false},"excerpt":{"rendered":"<p>Das Projektmanagement muss sich dem heutigen Arbeitsrhythmus anpassen. Projekte werden in immer k\u00fcrzerer Zeit initiiert. Mitarbeiter \u00fcbernehmen zum Tagesgesch\u00e4ft oft noch wichtige Rollen im Projekt. Wir unterst\u00fctzen Sie im Projektmanagement und werden gemeinsam mit Ihnen die Arbeitsabl\u00e4ufe definieren, um Ihr Projekt zum gew\u00fcnschten Erfolg zu f\u00fchren und Ihre Mitarbeiter so wenig wie m\u00f6glich zus\u00e4tzlich zu &hellip; <\/p>\n<p class=\"link-more\"><a href=\"https:\/\/duy.de\/\" class=\"more-link\"><span class=\"screen-reader-text\">\u201eZiele erreichen\u201c<\/span> weiterlesen<\/a><\/p>\n","protected":false},"author":1,"featured_media":0,"parent":0,"menu_order":0,"comment_status":"closed","ping_status":"closed","template":"","meta":[],"_links":{"self":[{"href":"https:\/\/duy.de\/index.php?rest_route=\/wp\/v2\/pages\/18"}],"collection":[{"href":"https:\/\/duy.de\/index.php?rest_route=\/wp\/v2\/pages"}],"about":[{"href":"https:\/\/duy.de\/index.php?rest_route=\/wp\/v2\/types\/page"}],"author":[{"embeddable":true,"href":"https:\/\/duy.de\/index.php?rest_route=\/wp\/v2\/users\/1"}],"replies":[{"embeddable":true,"href":"https:\/\/duy.de\/index.php?rest_route=%2Fwp%2Fv2%2Fcomments&post=18"}],"version-history":[{"count":1,"href":"https:\/\/duy.de\/index.php?rest_route=\/wp\/v2\/pages\/18\/revisions"}],"predecessor-version":[{"id":31,"href":"https:\/\/duy.de\/index.php?rest_route=\/wp\/v2\/pages\/18\/revisions\/31"}],"wp:attachment":[{"href":"https:\/\/duy.de\/index.php?rest_route=%2Fwp%2Fv2%2Fmedia&parent=18"}],"curies":[{"name":"wp","href":"https:\/\/api.w.org\/{rel}","templated":true}]}}